{"id":658,"date":"2018-10-18T12:17:26","date_gmt":"2018-10-18T10:17:26","guid":{"rendered":"http:\/\/www.camunacondotte.eu\/?page_id=658"},"modified":"2022-04-15T13:28:20","modified_gmt":"2022-04-15T11:28:20","slug":"qualifica-iso-14001","status":"publish","type":"page","link":"https:\/\/www.camunacondotte.eu\/?page_id=658","title":{"rendered":"ISO 14001"},"content":{"rendered":"<p>Camuna Condotte \u00e8 un&#8217;azienda molto attenta al rispetto ambientale e pertanto \u00e8 in possesso della qualifica ISO 14001.<\/p>\n<p>Il nostro scopo \u00e8 di mantenere ed ottimizzare un sistema di gestione ambientale certificato al fine di:<\/p>\n<p>&#8211; Rispettare tutte le prescrizioni ambientali richieste dalle normative vigenti;<br \/>&#8211; Ridurre gli sprechi (consumi idrici, risorse energetiche, ecc.);<br \/>&#8211; Creare procedure adeguate e mirate affich\u00e8 il nostro lavoro sia performante in termini di rispetto ambientale;<br \/>&#8211; Formare e sensibilizzare tutto il nostro personale operativo<\/p>\n\n\n<figure class=\"wp-block-image size-large\"><img decoding=\"async\" src=\"http:\/\/www.camunacondotte.eu\/wp-content\/uploads\/2022\/04\/iso-14001.png\" alt=\"\"\/><\/figure>\n","protected":false},"excerpt":{"rendered":"<p>Camuna Condotte \u00e8 un&#8217;azienda molto attenta al rispetto ambientale e pertanto \u00e8 in possesso della qualifica ISO 14001. Il nostro scopo \u00e8 di mantenere ed ottimizzare un sistema di gestione ambientale certificato al fine di: &#8211; Rispettare tutte le prescrizioni ambientali richieste dalle normative vigenti;&#8211; Ridurre gli sprechi (consumi idrici, &hellip;<\/p>\n","protected":false},"author":1,"featured_media":0,"parent":0,"menu_order":0,"comment_status":"closed","ping_status":"closed","template":"","meta":[],"_links":{"self":[{"href":"https:\/\/www.camunacondotte.eu\/index.php?rest_route=\/wp\/v2\/pages\/658"}],"collection":[{"href":"https:\/\/www.camunacondotte.eu\/index.php?rest_route=\/wp\/v2\/pages"}],"about":[{"href":"https:\/\/www.camunacondotte.eu\/index.php?rest_route=\/wp\/v2\/types\/page"}],"author":[{"embeddable":true,"href":"https:\/\/www.camunacondotte.eu\/index.php?rest_route=\/wp\/v2\/users\/1"}],"replies":[{"embeddable":true,"href":"https:\/\/www.camunacondotte.eu\/index.php?rest_route=%2Fwp%2Fv2%2Fcomments&post=658"}],"version-history":[{"count":23,"href":"https:\/\/www.camunacondotte.eu\/index.php?rest_route=\/wp\/v2\/pages\/658\/revisions"}],"predecessor-version":[{"id":1028,"href":"https:\/\/www.camunacondotte.eu\/index.php?rest_route=\/wp\/v2\/pages\/658\/revisions\/1028"}],"wp:attachment":[{"href":"https:\/\/www.camunacondotte.eu\/index.php?rest_route=%2Fwp%2Fv2%2Fmedia&parent=658"}],"curies":[{"name":"wp","href":"https:\/\/api.w.org\/{rel}","templated":true}]}}